{"id":162,"date":"2026-02-15T20:52:08","date_gmt":"2026-02-15T19:52:08","guid":{"rendered":"https:\/\/hongikingan.de\/?page_id=162"},"modified":"2026-04-14T07:08:02","modified_gmt":"2026-04-14T05:08:02","slug":"impressum","status":"publish","type":"page","link":"https:\/\/hongikingan.de\/en\/impressum\/","title":{"rendered":"Impressum"},"content":{"rendered":"<hr class=\"wp-block-separator has-alpha-channel-opacity\"\/>\n\n\n\n<p><strong>Angaben gem\u00e4\u00df \u00a7 5 DDG (Digitale\u2011Dienste\u2011Gesetz)<\/strong><br><strong>Verantwortlich f\u00fcr den Inhalt nach \u00a7 18 Abs. 2 MStV<\/strong><\/p>\n\n\n\n<p><strong>Hongik Ingan \u2013 Cultural Exploration &amp; Community Development<\/strong><br>Represented by: <strong>Pavel Tyan<\/strong><br>Hoscheiter Str. 15b<br>52152 Simmerath<br>Germany<\/p>\n\n\n\n<p>E-Mail (general): <strong>info@hongikingan.de<\/strong><br>E-Mail (privacy): <strong>privacy@hongikingan.de<\/strong><\/p>\n\n\n\n<hr class=\"wp-block-separator has-alpha-channel-opacity\"\/>\n\n\n\n<h2 class=\"wp-block-heading\"><strong>Haftung f\u00fcr Inhalte<\/strong><\/h2>\n\n\n\n<p>Als Diensteanbieter sind wir gem\u00e4\u00df \u00a7 7 Abs. 1 DDG f\u00fcr eigene Inhalte auf diesen Seiten nach den allgemeinen Gesetzen verantwortlich.<br>Nach \u00a7\u00a7 8 bis 10 DDG sind wir jedoch nicht verpflichtet, \u00fcbermittelte oder gespeicherte fremde Informationen zu \u00fcberwachen oder nach Umst\u00e4nden zu forschen, die auf eine rechtswidrige T\u00e4tigkeit hinweisen.<\/p>\n\n\n\n<p>Verpflichtungen zur Entfernung oder Sperrung der Nutzung von Informationen nach den allgemeinen Gesetzen bleiben hiervon unber\u00fchrt. Eine diesbez\u00fcgliche Haftung ist jedoch erst ab dem Zeitpunkt der Kenntnis einer konkreten Rechtsverletzung m\u00f6glich.<br>Bei Bekanntwerden von entsprechenden Rechtsverletzungen werden wir diese Inhalte umgehend entfernen.<\/p>\n\n\n\n<hr class=\"wp-block-separator has-alpha-channel-opacity\"\/>\n\n\n\n<h2 class=\"wp-block-heading\"><strong>Haftung f\u00fcr Links<\/strong><\/h2>\n\n\n\n<p>Unser Angebot enth\u00e4lt Links zu externen Websites Dritter, auf deren Inhalte wir keinen Einfluss haben.<br>Deshalb k\u00f6nnen wir f\u00fcr diese fremden Inhalte auch keine Gew\u00e4hr \u00fcbernehmen.<br>F\u00fcr die Inhalte der verlinkten Seiten ist stets der jeweilige Anbieter oder Betreiber der Seiten verantwortlich.<\/p>\n\n\n\n<p>Bei Bekanntwerden von Rechtsverletzungen werden wir derartige Links umgehend entfernen.<\/p>\n\n\n\n<hr class=\"wp-block-separator has-alpha-channel-opacity\"\/>\n\n\n\n<h2 class=\"wp-block-heading\"><strong>Urheberrecht<\/strong><\/h2>\n\n\n\n<p>Die durch den Seitenbetreiber erstellten Inhalte und Werke auf diesen Seiten unterliegen dem deutschen Urheberrecht.<br>Beitr\u00e4ge Dritter sind als solche gekennzeichnet.<\/p>\n\n\n\n<p>Die Vervielf\u00e4ltigung, Bearbeitung, Verbreitung und jede Art der Verwertung au\u00dferhalb der Grenzen des Urheberrechts bed\u00fcrfen der schriftlichen Zustimmung des jeweiligen Autors bzw. Erstellers.<br>Downloads und Kopien dieser Seite sind nur f\u00fcr den privaten, nicht kommerziellen Gebrauch gestattet.<\/p>\n\n\n\n<hr class=\"wp-block-separator has-alpha-channel-opacity\"\/>\n\n\n\n<h2 class=\"wp-block-heading\"><strong>Bild- und Mediennachweise<\/strong><\/h2>\n\n\n\n<p>Sofern nicht anders angegeben, stammen alle Bilder, Grafiken und Medien von <strong>Hongik Ingan<\/strong> oder wurden lizenzfrei bzw. mit entsprechender Nutzungserlaubnis verwendet.<\/p>\n\n\n\n<hr class=\"wp-block-separator has-alpha-channel-opacity\"\/>\n\n\n\n<h2 class=\"wp-block-heading\"><strong>Hosting<\/strong><\/h2>\n\n\n\n<p>Diese Website wird betrieben bei:<\/p>\n\n\n\n<p><strong>ALL\u2011INKL.COM \u2013 Neue Medien M\u00fcnnich<\/strong><br>Hauptstra\u00dfe 68<br>02742 Friedersdorf<br>Germany<\/p>\n\n\n\n<p>Zwischen uns und dem Hosting-Anbieter besteht ein Vertrag zur Auftragsverarbeitung gem\u00e4\u00df Art. 28 DSGVO.<\/p>\n\n\n\n<hr class=\"wp-block-separator has-alpha-channel-opacity\"\/>\n\n\n\n<h2 class=\"wp-block-heading\"><strong>Online\u2011Streitbeilegung \/ Verbraucherstreitbeilegung<\/strong><\/h2>\n\n\n\n<p>Wir sind nicht verpflichtet und nicht bereit, an Streitbeilegungsverfahren vor einer Verbraucherschlichtungsstelle teilzunehmen.<\/p>\n\n\n\n<hr class=\"wp-block-separator has-alpha-channel-opacity\"\/>\n\n\n\n<p><\/p>","protected":false},"excerpt":{"rendered":"<p>Angaben gem\u00e4\u00df \u00a7 5 DDG (Digitale\u2011Dienste\u2011Gesetz)Verantwortlich f\u00fcr den Inhalt nach \u00a7 18 Abs. 2 MStV Hongik Ingan \u2013 Kulturelle Entdeckung &amp; GemeinschaftsentwicklungVertreten durch: Pavel TyanHoscheiter Str. 15b52152 SimmerathDeutschland E\u2011Mail (allgemein): info@hongikingan.deE\u2011Mail (Datenschutz): privacy@hongikingan.de Haftung f\u00fcr Inhalte Als Diensteanbieter sind wir gem\u00e4\u00df \u00a7 7 Abs. 1 DDG f\u00fcr eigene Inhalte auf diesen Seiten nach den allgemeinen&#8230;<\/p>","protected":false},"author":1,"featured_media":0,"parent":0,"menu_order":0,"comment_status":"closed","ping_status":"closed","template":"","meta":{"_kadence_starter_templates_imported_post":false,"_kad_post_transparent":"","_kad_post_title":"","_kad_post_layout":"","_kad_post_sidebar_id":"","_kad_post_content_style":"","_kad_post_vertical_padding":"","_kad_post_feature":"","_kad_post_feature_position":"","_kad_post_header":false,"_kad_post_footer":false,"_kad_post_classname":"","footnotes":""},"class_list":["post-162","page","type-page","status-publish","hentry"],"_links":{"self":[{"href":"https:\/\/hongikingan.de\/en\/wp-json\/wp\/v2\/pages\/162","targetHints":{"allow":["GET"]}}],"collection":[{"href":"https:\/\/hongikingan.de\/en\/wp-json\/wp\/v2\/pages"}],"about":[{"href":"https:\/\/hongikingan.de\/en\/wp-json\/wp\/v2\/types\/page"}],"author":[{"embeddable":true,"href":"https:\/\/hongikingan.de\/en\/wp-json\/wp\/v2\/users\/1"}],"replies":[{"embeddable":true,"href":"https:\/\/hongikingan.de\/en\/wp-json\/wp\/v2\/comments?post=162"}],"version-history":[{"count":2,"href":"https:\/\/hongikingan.de\/en\/wp-json\/wp\/v2\/pages\/162\/revisions"}],"predecessor-version":[{"id":175,"href":"https:\/\/hongikingan.de\/en\/wp-json\/wp\/v2\/pages\/162\/revisions\/175"}],"wp:attachment":[{"href":"https:\/\/hongikingan.de\/en\/wp-json\/wp\/v2\/media?parent=162"}],"curies":[{"name":"wp","href":"https:\/\/api.w.org\/{rel}","templated":true}]}}