{"id":19,"date":"2026-02-14T17:51:12","date_gmt":"2026-02-14T17:51:12","guid":{"rendered":"https:\/\/hongikingan.de\/?page_id=19"},"modified":"2026-04-14T07:08:40","modified_gmt":"2026-04-14T05:08:40","slug":"hongik-ingan-philosophy","status":"publish","type":"page","link":"https:\/\/hongikingan.de\/en\/hongik-ingan-philosophy\/","title":{"rendered":"Hongik Ingan Philosophy"},"content":{"rendered":"<style>.wp-block-kadence-advancedheading.kt-adv-heading19_8fed8c-2c, .wp-block-kadence-advancedheading.kt-adv-heading19_8fed8c-2c[data-kb-block=\"kb-adv-heading19_8fed8c-2c\"]{text-align:center;font-style:normal;}.wp-block-kadence-advancedheading.kt-adv-heading19_8fed8c-2c mark.kt-highlight, .wp-block-kadence-advancedheading.kt-adv-heading19_8fed8c-2c[data-kb-block=\"kb-adv-heading19_8fed8c-2c\"] mark.kt-highlight{font-style:normal;color:#f76a0c;-webkit-box-decoration-break:clone;box-decoration-break:clone;padding-top:0px;padding-right:0px;padding-bottom:0px;padding-left:0px;}.wp-block-kadence-advancedheading.kt-adv-heading19_8fed8c-2c img.kb-inline-image, .wp-block-kadence-advancedheading.kt-adv-heading19_8fed8c-2c[data-kb-block=\"kb-adv-heading19_8fed8c-2c\"] img.kb-inline-image{width:150px;vertical-align:baseline;}<\/style>\n<h2 class=\"kt-adv-heading19_8fed8c-2c wp-block-kadence-advancedheading\" data-kb-block=\"kb-adv-heading19_8fed8c-2c\">\u5f18\u76ca\u4eba\u9593 \u2014 Hongik Ingan: Zum Wohl der gesamten Menschheit<\/h2>\n\n\n\n<p>Ich bin irgendwo im Internet auf folgenden Kommentar eines unbekannten Autors gesto\u00dfen. Ich wei\u00df nicht, wer ihn verfasst hat, und ich konnte es auch nicht herausfinden. Ich stelle ihn hier so ein, wie ich ihn gefunden habe \u2014 weil er etwas sagt, das ich selbst nicht besser h\u00e4tte formulieren k\u00f6nnen, und weil er direkt zu dem f\u00fchrt, worum es auf dieser Seite geht.<\/p>\n\n\n<style>.wp-block-kadence-column.kb-section-dir-horizontal > .kt-inside-inner-col > .kt-info-box19_b93354-e7 .kt-blocks-info-box-link-wrap{max-width:unset;}.kt-info-box19_b93354-e7 .kt-blocks-info-box-link-wrap{padding-top:var(--global-kb-spacing-xs, 1rem);padding-right:var(--global-kb-spacing-xs, 1rem);padding-bottom:var(--global-kb-spacing-xs, 1rem);padding-left:var(--global-kb-spacing-xs, 1rem);}.kt-info-box19_b93354-e7 .kadence-info-box-icon-container .kt-info-svg-icon, .kt-info-box19_b93354-e7 .kt-info-svg-icon-flip, .kt-info-box19_b93354-e7 .kt-blocks-info-box-number{font-size:50px;}.kt-info-box19_b93354-e7 .kt-blocks-info-box-media{border-top-width:0px;border-right-width:0px;border-bottom-width:0px;border-left-width:0px;padding-top:10px;padding-right:10px;padding-bottom:10px;padding-left:10px;}.kt-info-box19_b93354-e7 .kt-blocks-info-box-media-container{margin-top:0px;margin-right:15px;margin-bottom:0px;margin-left:15px;}.kt-info-box19_b93354-e7 .kt-blocks-info-box-learnmore{background:transparent;border-width:0px 0px 0px 0px;padding-top:4px;padding-right:8px;padding-bottom:4px;padding-left:8px;margin-top:10px;margin-right:0px;margin-bottom:10px;margin-left:0px;}<\/style>\n<div class=\"wp-block-kadence-infobox kt-info-box19_b93354-e7\"><span class=\"kt-blocks-info-box-link-wrap info-box-link kt-blocks-info-box-media-align-top kt-info-halign-center\"><div class=\"kt-infobox-textcontent\"><p class=\"kt-blocks-info-box-text\"><em>Um Taekwondo wirklich zu verstehen, muss man zun\u00e4chst den Sturm verstehen, in den es hineingeboren wurde. W\u00e4hrend der langen, dr\u00fcckenden \u00c4ra der japanischen Kolonialherrschaft erduldete Korea 35 Jahre kultureller Unterdr\u00fcckung. Die Besatzung zielte nicht nur auf territoriale Kontrolle \u2014 sie war ein systematischer Versuch, die koreanische Identit\u00e4t auszul\u00f6schen. Die Sprache wurde verboten. Die Geschichte wurde umgeschrieben. Traditionen wurden unter Strafe gestellt. Und koreanische Kampfk\u00fcnste \u2014 Gef\u00e4\u00dfe des geistigen und nationalen Stolzes \u2014 wurden in den Untergrund getrieben. Meister mussten sich verstecken und zogen sich in Berge, Tempel oder Geheimgesellschaften zur\u00fcck, um ihr Wissen in der Stille zu bewahren.<\/em><br><em><br>Zwei auff\u00e4llige Ph\u00e4nomene entstanden in dieser \u00c4ra.<\/em><br><em><br>Erstens: Authentische koreanische Kampfkunsttraditionen k\u00e4mpften darum, im Verborgenen zu \u00fcberleben.<\/em><br><em><br>Zweitens: Das japanische Bildungssystem \u2014 einschlie\u00dflich Kampfk\u00fcnste wie Karate und Judo \u2014 wurde auf der gesamten koreanischen Halbinsel eingef\u00fchrt.<\/em><br><em><br>\u00dcber drei Jahrzehnte lang waren dies die dominierenden und rechtlich sanktionierten \u00dcbungsformen. General Choi Hong Hi wuchs in dieser turbulenten Zeit auf. Er studierte in Japan und diente sogar in der japanischen Armee. Doch in ihm keimte eine andere Vision. Er tr\u00e4umte nicht von Unterwerfung, sondern von Wiederherstellung \u2014 einer Zukunft, in der die koreanische Identit\u00e4t wiedergeboren und stolz erstehen k\u00f6nnte. Als Korea seine Souver\u00e4nit\u00e4t zur\u00fcckerlangte und Choi General in der neu gegr\u00fcndeten s\u00fcdkoreanischen Armee wurde, stand er vor einem tiefen Dilemma. Seine Offizierskollegen waren alle in japanischen Kampfkunsttraditionen ausgebildet worden. Die koreanischen Kampfk\u00fcnste, so lange zum Schweigen gebracht, hatten keine \u00f6ffentlichen Schulen oder rechtlichen Institutionen hinterlassen. Das Fundament war verschwunden \u2014 doch der Geist blieb. In diesem Moment nationaler und pers\u00f6nlicher Besinnung begann Choi, etwas Neues zu formen. Aus seinem tiefen kulturellen Ged\u00e4chtnis und seinem intuitiven Verst\u00e4ndnis f\u00fcr koreanischen Rhythmus und Bewegung heraus f\u00fchrte er die Sinuswellenbewegung in Taekwondo ein. Dies war keine zuf\u00e4llige Neuerung \u2014 es war eine R\u00fcckkehr zu etwas Altem. Man kann Ankl\u00e4nge an Talchum, den koreanischen Maskentanz, und an Taekkyeon, Koreas urspr\u00fcngliche Kampfkunst, in der flie\u00dfenden, wellenf\u00f6rmigen Bewegung erkennen. Die schmaleren St\u00e4nde \u2014 wendig und bergangepasst \u2014 standen im Gegensatz zu den breiten, schiffsstabilisierenden St\u00e4nden japanischer Systeme.<\/em><br><em><br>Seine Neuerung war nicht nur k\u00f6rperlicher Natur. Sie war philosophischer Natur.<\/em><br><em><br>Denn im Kern von Chois Vision stand die R\u00fcckkehr zu einem der \u00e4ltesten Ideale der koreanischen Zivilisation \u2014 \ud64d\uc775\uc778\uac04 (Hongik Ingan). Dieser Wahlspruch, der mehr als 3.000 Jahre zur\u00fcckreicht und mit dem Gr\u00fcndungsmythos von Dangun verbunden ist, bedeutet \u201eZum Wohl der gesamten Menschheit zu leben und zu handeln.\u201c Er ist die Seele der alten Weisheit Koreas \u2014 die \u00dcberzeugung, dass St\u00e4rke nicht zur Herrschaft, sondern zum Dienst bestimmt ist; dass Wissen nicht zur \u00dcberlegenheit, sondern zum Teilen da ist; und dass Macht stets in Gerechtigkeit und Mitgef\u00fchl verwurzelt sein muss. General Choi belebte diesen Wahlspruch nicht nur neu \u2014 er verk\u00f6rperte ihn. Durch Taekwondo schuf er nicht nur eine Kampfkunst, sondern eine lebendige Philosophie: einen Weg pers\u00f6nlicher Disziplin, ethischen Handelns und globaler Einheit. Seine Lehren transzendieren den Nationalismus. Sie sind in koreanischer Identit\u00e4t verwurzelt, doch auf universelle Gerechtigkeit ausgerichtet. Er glaubte, Taekwondo k\u00f6nne die Schwachen st\u00e4rken, die Unschuldigen sch\u00fctzen, die Unterdr\u00fcckten aufrichten und Menschen \u00fcberall dabei helfen, K\u00f6rper, Geist und Seele zu st\u00e4rken. Obwohl ich ihn nie getroffen habe, spricht seine Vision durch jede Bewegung, jede Form und jedes Wort, das er hinterlassen hat. Sein Leben war ein Ringen nicht nur um die Bewahrung der Vergangenheit, sondern um den Aufbau einer Zukunft. Seine Mission galt nicht nur Korea \u2014 sie galt der Welt. Deshalb l\u00e4sst sich Taekwondo nicht von der koreanischen Geschichte oder seinen kulturellen Wurzeln trennen. Es ist der martialische Ausdruck eines alten Versprechens: dass Korea der Menschheit etwas anbieten w\u00fcrde \u2014 nicht Eroberung, sondern Charakter. Nicht Herrschaft, sondern W\u00fcrde. Und so erhob sich aus den Schatten der Kolonisierung eine Kampfkunst, die auf dem zeitlosen Prinzip gr\u00fcndet: \ud64d\uc775\uc778\uac04 \u2014 Zum Wohl der gesamten Menschheit.<\/em><\/p><\/div><\/span><\/div>\n\n\n\n<p><\/p>\n\n\n\n<p>Als ich das zum ersten Mal las, suchte ich keine Philosophie. Ich blickte auf eine Welt, die gleichzeitig in mehrere Richtungen auseinanderzubrechen schien \u2014 der Krieg in der Ukraine in seinem vierten Jahr, Konflikte im Nahen Osten, ernsthafte Diskussionen in Deutschland \u00fcber die Wiedereinf\u00fchrung der Wehrpflicht und eine allgemeine Verrohung des \u00f6ffentlichen Lebens, die schwer zu benennen, aber leicht zu sp\u00fcren war. Und in diesem Kontext war es bedeutsam, auf eine Idee zu sto\u00dfen, die vor \u00fcber dreitausend Jahren formuliert wurde und irgendwie koh\u00e4rent und n\u00fctzlich geblieben ist \u2014 das verdiente Aufmerksamkeit.<\/p>\n\n\n\n<p>Also: Was ist Hongik Ingan, und woher kommt es eigentlich?<\/p>\n\n\n<style>.wp-block-kadence-advancedheading.kt-adv-heading19_6ebc2b-34, .wp-block-kadence-advancedheading.kt-adv-heading19_6ebc2b-34[data-kb-block=\"kb-adv-heading19_6ebc2b-34\"]{font-style:normal;}.wp-block-kadence-advancedheading.kt-adv-heading19_6ebc2b-34 mark.kt-highlight, .wp-block-kadence-advancedheading.kt-adv-heading19_6ebc2b-34[data-kb-block=\"kb-adv-heading19_6ebc2b-34\"] mark.kt-highlight{font-style:normal;color:#f76a0c;-webkit-box-decoration-break:clone;box-decoration-break:clone;padding-top:0px;padding-right:0px;padding-bottom:0px;padding-left:0px;}.wp-block-kadence-advancedheading.kt-adv-heading19_6ebc2b-34 img.kb-inline-image, .wp-block-kadence-advancedheading.kt-adv-heading19_6ebc2b-34[data-kb-block=\"kb-adv-heading19_6ebc2b-34\"] img.kb-inline-image{width:150px;vertical-align:baseline;}<\/style>\n<h3 class=\"kt-adv-heading19_6ebc2b-34 wp-block-kadence-advancedheading\" data-kb-block=\"kb-adv-heading19_6ebc2b-34\">Die Herkunft<\/h3>\n\n\n\n<p>\ud64d\uc775\uc778\uac04 ist eine der \u00e4ltesten \u00fcberlieferten Ideen der koreanischen Zivilisation. Sie erscheint im <em>Samguk Yusa<\/em> (\uc0bc\uad6d\uc720\uc0ac), einem Text aus dem 13. Jahrhundert, der Koreas \u00e4lteste Mythen und Geschichte sammelte, im Gr\u00fcndungsmythos von Dangun \u2014 dem legend\u00e4ren Vorfahren des koreanischen Volkes und Gr\u00fcnder von Gojoseon, dem ersten koreanischen K\u00f6nigreich, das traditionell auf 2333 v. Chr. datiert wird.<\/p>\n\n\n<style>.kb-image19_634501-24.kb-image-is-ratio-size, .kb-image19_634501-24 .kb-image-is-ratio-size{max-width:398px;width:100%;}.wp-block-kadence-column > .kt-inside-inner-col > .kb-image19_634501-24.kb-image-is-ratio-size, .wp-block-kadence-column > .kt-inside-inner-col > .kb-image19_634501-24 .kb-image-is-ratio-size{align-self:unset;}.kb-image19_634501-24 figure{max-width:398px;}.kb-image19_634501-24 .image-is-svg, .kb-image19_634501-24 .image-is-svg img{width:100%;}.kb-image19_634501-24 .kb-image-has-overlay:after{opacity:0.3;}<\/style>\n<div class=\"wp-block-kadence-image kb-image19_634501-24\"><figure class=\"alignleft size-full\"><img loading=\"lazy\" decoding=\"async\" width=\"398\" height=\"658\" src=\"https:\/\/hongikingan.de\/wp-content\/uploads\/2026\/03\/1.png\" alt=\"\" class=\"kb-img wp-image-203\" srcset=\"https:\/\/hongikingan.de\/wp-content\/uploads\/2026\/03\/1.png 398w, https:\/\/hongikingan.de\/wp-content\/uploads\/2026\/03\/1-181x300.png 181w, https:\/\/hongikingan.de\/wp-content\/uploads\/2026\/03\/1-7x12.png 7w\" sizes=\"auto, (max-width: 398px) 100vw, 398px\" \/><figcaption><em>Samguk Yusa (Band 1, S. 1\u201336). Copyright The Academy of Korean Studies<\/em><\/figcaption><\/figure><\/div>\n\n\n\n<p>Die Geschichte, kurz gefasst: Hwanin (\ud658\uc778), der Himmelsherr, sieht, dass sein Sohn Hwanung (\ud658\uc6c5) vom Himmel herabsteigen und unter den Menschen leben m\u00f6chte. Er w\u00e4hlt den heiligen Gipfel des Taebaek-san f\u00fcr den Abstieg, gibt Hwanung drei himmlische Siegel und dreitausend Gef\u00e4hrten und schickt ihn mit einem Auftrag \u2014 nicht einem milit\u00e4rischen oder politischen, sondern einem moralischen: die menschliche Welt nach dem Prinzip von \ud64d\uc775\uc778\uac04 zu regieren und der gesamten Menschheit umfassend zu n\u00fctzen. Dies ist das fr\u00fcheste \u00fcberlieferte Erscheinen der Phrase, und der Kontext ist bedeutsam: Es ist kein Gesetz und kein Slogan, sondern der grundlegende Grund daf\u00fcr, warum eine Zivilisation \u00fcberhaupt existieren soll.<\/p>\n\n\n\n<p>Die drei Schriftzeichen tragen eigenst\u00e4ndige Bedeutungen, die sich zu etwas zusammenf\u00fcgen, das gr\u00f6\u00dfer ist als ihre Summe:<\/p>\n\n\n\n<p><strong>\ud64d<\/strong><strong> (\u5f18<\/strong><strong>)<\/strong> \u2014 ausweiten, gro\u00df machen<\/p>\n\n\n\n<p><strong>\uc775<\/strong><strong> (\u76ca<\/strong><strong>)<\/strong> \u2014 n\u00fctzen, helfen<\/p>\n\n\n\n<p><strong>\uc778\uac04<\/strong><strong> (\u4eba\u9593<\/strong><strong>)<\/strong> \u2014 die Menschheit<\/p>\n\n\n\n<p>Zusammen beschreiben sie eine nach au\u00dfen gerichtete Haltung: nicht Selbstkultivierung als Selbstzweck, sondern Selbstkultivierung, um anderen und der Welt n\u00fctzlich zu sein. Es lohnt sich zu beachten, wie alt dies im Vergleich zu den anderen Traditionen ist, mit denen es bisweilen verglichen wird \u2014 es geht der formellen Ankunft des Konfuzianismus in Korea voraus, der Ausbreitung des Buddhismus auf der Halbinsel und jedem politischen System, das es seitdem f\u00fcr sich beansprucht hat. Gelehrte haben Parallelen zu <em>Aret\u00ea<\/em> in der antiken griechischen Ethik, zu <em>Ren<\/em> (\u4ec1) \u2014 Wohlwollen \u2014 im konfuzianischen Denken und zu <em>Ubuntu<\/em> in der afrikanischen Philosophie gezogen, weil all diese Traditionen versuchen, dieselbe Grundidee auszudr\u00fccken: dass ein Mensch nicht vollst\u00e4ndig verwirklicht ist, solange er nicht f\u00fcr etwas jenseits seiner selbst lebt.<\/p>\n\n\n\n<p>Ein Hinweis zum Namen selbst. F\u00fcr ein westliches Ohr ist Hongik Ingan unbekannt, etwas sperrig und nicht unmittelbar transparent. Das ist mir bewusst. Aber ich denke, ein Name sollte widerspiegeln, was etwas tats\u00e4chlich ist \u2014 nicht, wie es leichter zu benennen w\u00e4re \u2014 und es gibt keine k\u00fcrzere oder bequemere Phrase, die dieselbe Bedeutung tr\u00e4gt. Wenn \u00fcberhaupt, ist die leichte Reibung, auf ein unbekanntes Wort zu sto\u00dfen, hier angemessen: Sie signalisiert, dass etwas angeboten wird, das nicht in der vertrauten Kultur entstanden ist, und dass es vielleicht einen Moment der Neugier wert ist, bevor es einem gel\u00e4ufig wird.<\/p>\n\n\n<style>.wp-block-kadence-advancedheading.kt-adv-heading19_d8e8ba-5c, .wp-block-kadence-advancedheading.kt-adv-heading19_d8e8ba-5c[data-kb-block=\"kb-adv-heading19_d8e8ba-5c\"]{font-style:normal;}.wp-block-kadence-advancedheading.kt-adv-heading19_d8e8ba-5c mark.kt-highlight, .wp-block-kadence-advancedheading.kt-adv-heading19_d8e8ba-5c[data-kb-block=\"kb-adv-heading19_d8e8ba-5c\"] mark.kt-highlight{font-style:normal;color:#f76a0c;-webkit-box-decoration-break:clone;box-decoration-break:clone;padding-top:0px;padding-right:0px;padding-bottom:0px;padding-left:0px;}.wp-block-kadence-advancedheading.kt-adv-heading19_d8e8ba-5c img.kb-inline-image, .wp-block-kadence-advancedheading.kt-adv-heading19_d8e8ba-5c[data-kb-block=\"kb-adv-heading19_d8e8ba-5c\"] img.kb-inline-image{width:150px;vertical-align:baseline;}<\/style>\n<h3 class=\"kt-adv-heading19_d8e8ba-5c wp-block-kadence-advancedheading\" data-kb-block=\"kb-adv-heading19_d8e8ba-5c\">Der philosophische Kern<\/h3>\n\n\n\n<p>Hongik Ingan beruht auf drei Ideen, die einfach zu formulieren und anspruchsvoll zu leben sind.<\/p>\n\n\n\n<p>Die erste ist universelles Wohlwollen \u2014 die \u00dcberzeugung, dass St\u00e4rke, Wissen und F\u00e4higkeiten dazu da sind, anderen zu dienen, nicht sie zu beherrschen.<\/p>\n\n\n\n<p>Die zweite ist moralische Verantwortung \u2014 das Verst\u00e4ndnis, dass die eigene Kultivierung keine private Leistung ist, sondern eine Vorbereitung auf den Beitrag zur Gesellschaft.<\/p>\n\n\n\n<p>Die dritte ist ein menschzentriertes Weltbild, in dem Menschenw\u00fcrde und menschliche Entfaltung die h\u00f6chsten organisierenden Werte einer Zivilisation sind.<\/p>\n\n\n\n<p>Was diesen philosophischen Rahmen interessant macht, ist nicht sein Alter, sondern seine Ausrichtung. Er fragt nicht, was man erreichen kann, was einem zusteht oder wie man sch\u00fctzen kann, was einem geh\u00f6rt. Er fragt, was man mit dem tut, was einem gegeben wurde \u2014 F\u00e4higkeit, Wissen, St\u00e4rke, Zeit \u2014 und ob es nach au\u00dfen gerichtet wird.<\/p>\n\n\n<style>.wp-block-kadence-advancedheading.kt-adv-heading19_9f94a2-94, .wp-block-kadence-advancedheading.kt-adv-heading19_9f94a2-94[data-kb-block=\"kb-adv-heading19_9f94a2-94\"]{font-style:normal;}.wp-block-kadence-advancedheading.kt-adv-heading19_9f94a2-94 mark.kt-highlight, .wp-block-kadence-advancedheading.kt-adv-heading19_9f94a2-94[data-kb-block=\"kb-adv-heading19_9f94a2-94\"] mark.kt-highlight{font-style:normal;color:#f76a0c;-webkit-box-decoration-break:clone;box-decoration-break:clone;padding-top:0px;padding-right:0px;padding-bottom:0px;padding-left:0px;}.wp-block-kadence-advancedheading.kt-adv-heading19_9f94a2-94 img.kb-inline-image, .wp-block-kadence-advancedheading.kt-adv-heading19_9f94a2-94[data-kb-block=\"kb-adv-heading19_9f94a2-94\"] img.kb-inline-image{width:150px;vertical-align:baseline;}<\/style>\n<h3 class=\"kt-adv-heading19_9f94a2-94 wp-block-kadence-advancedheading\" data-kb-block=\"kb-adv-heading19_9f94a2-94\">Hongik Ingan und Taekwon-Do<\/h3>\n\n\n\n<p>General Choi hat seine Kunst nie ausdr\u00fccklich als \u201eHongik Ingan Taekwon-Do\u201c bezeichnet, aber die Idee ist im ITF-System auf jeder Ebene pr\u00e4sent. Die f\u00fcnf Grunds\u00e4tze \u2014 H\u00f6flichkeit, Integrit\u00e4t, Ausdauer, Selbstbeherrschung, Unbeugsamer Geist \u2014 sind keine dekorativen Werte, die einem Kampfsystem hinzugef\u00fcgt wurden. Betrachtet man sie durch das Prisma von Hongik Ingan, bilden sie eine koh\u00e4rente Ethik: Man diszipliniert sich nicht als Selbstzweck, sondern damit die eigene St\u00e4rke zu etwas wird, das man anbieten kann, anstatt es aufzuzwingen. Hongik Ingan ist in diesem Sinne der philosophische Vorfahre der Grunds\u00e4tze \u2014 die \u00e4ltere Wurzel, aus der sie gewachsen sind, auch wenn die Verbindung nie ausdr\u00fccklich hergestellt wurde.<\/p>\n\n\n<style>.wp-block-kadence-advancedheading.kt-adv-heading19_79ac0f-22, .wp-block-kadence-advancedheading.kt-adv-heading19_79ac0f-22[data-kb-block=\"kb-adv-heading19_79ac0f-22\"]{font-style:normal;font-family:var( --global-heading-font-family, inherit );}.wp-block-kadence-advancedheading.kt-adv-heading19_79ac0f-22 mark.kt-highlight, .wp-block-kadence-advancedheading.kt-adv-heading19_79ac0f-22[data-kb-block=\"kb-adv-heading19_79ac0f-22\"] mark.kt-highlight{font-style:normal;color:#f76a0c;-webkit-box-decoration-break:clone;box-decoration-break:clone;padding-top:0px;padding-right:0px;padding-bottom:0px;padding-left:0px;}.wp-block-kadence-advancedheading.kt-adv-heading19_79ac0f-22 img.kb-inline-image, .wp-block-kadence-advancedheading.kt-adv-heading19_79ac0f-22[data-kb-block=\"kb-adv-heading19_79ac0f-22\"] img.kb-inline-image{width:150px;vertical-align:baseline;}<\/style>\n<h3 class=\"kt-adv-heading19_79ac0f-22 wp-block-kadence-advancedheading\" data-kb-block=\"kb-adv-heading19_79ac0f-22\">Warum diese Idee heute relevant ist<\/h3>\n\n\n\n<p>Ich begegnete Hongik Ingan in einem Moment, in dem die Fragen dar\u00fcber, was Gemeinschaften zusammenh\u00e4lt, nicht abstrakt waren. Im Jahr 2022 beobachtete ich, wie ich gemeinsam mit Freiwilligen ukrainische Fl\u00fcchtlinge unterst\u00fctzte, wie gew\u00f6hnliche Menschen \u2014 ohne Mandat, ohne anf\u00e4ngliche Infrastruktur \u2014 etwas vollbrachten, das keine zentrale Koordination geleistet hatte. Was es antrieb, war die geradlinige Entscheidung vieler Einzelner, anderen Menschen n\u00fctzlich zu sein. Das Prinzip skalierte. Diese Erfahrung hat einen bleibenden Eindruck bei mir hinterlassen: dass Hongik Ingan kein historisches Artefakt ist, sondern eine Beschreibung von etwas, das noch funktioniert und noch gebraucht wird.<\/p>\n\n\n\n<p>Als Arzt denke ich dar\u00fcber in konkreten Begriffen nach \u2014 was Menschen brauchen, welche Arten von Engagement Gesundheit, Identit\u00e4t und Sinnhaftigkeit \u00fcber ein Leben hinweg aufrechterhalten. Als jemand, der lange genug ITF Taekwon-Do trainiert hat, um zu verstehen, dass die Kunst mehr als Technik tr\u00e4gt, denke ich dar\u00fcber nach, was es bedeutet, etwas zu \u00fcben, dessen philosophisches Fundament im Kern auf den Nutzen f\u00fcr andere ausgerichtet ist.<\/p>\n\n\n\n<p>Diese beiden Denklinien laufen auf dieselbe Idee hinaus: dass Hongik Ingan nicht abgeschlossen ist. Es ist 3.000 Jahre alt und stellt noch immer dieselbe Frage.<\/p>\n\n\n<style>.wp-block-kadence-advancedheading.kt-adv-heading19_6386da-09, .wp-block-kadence-advancedheading.kt-adv-heading19_6386da-09[data-kb-block=\"kb-adv-heading19_6386da-09\"]{text-align:center;font-style:normal;font-family:var( --global-heading-font-family, inherit );}.wp-block-kadence-advancedheading.kt-adv-heading19_6386da-09 mark.kt-highlight, .wp-block-kadence-advancedheading.kt-adv-heading19_6386da-09[data-kb-block=\"kb-adv-heading19_6386da-09\"] mark.kt-highlight{font-style:normal;color:#f76a0c;-webkit-box-decoration-break:clone;box-decoration-break:clone;padding-top:0px;padding-right:0px;padding-bottom:0px;padding-left:0px;}.wp-block-kadence-advancedheading.kt-adv-heading19_6386da-09 img.kb-inline-image, .wp-block-kadence-advancedheading.kt-adv-heading19_6386da-09[data-kb-block=\"kb-adv-heading19_6386da-09\"] img.kb-inline-image{width:150px;vertical-align:baseline;}<\/style>\n<h2 class=\"kt-adv-heading19_6386da-09 wp-block-kadence-advancedheading\" data-kb-block=\"kb-adv-heading19_6386da-09\"><strong>Was tust du mit deiner St\u00e4rke?<\/strong><\/h2>\n\n\n\n<p class=\"has-text-align-center\"><em>Ich arbeite noch an meiner Antwort. Dieses Projekt ist ein Teil davon.<\/em><\/p>\n\n\n\n<p><\/p>\n","protected":false},"excerpt":{"rendered":"<p>\u5f18\u76ca\u4eba\u9593 \u2014 Hongik Ingan: Zum Wohl der gesamten Menschheit Ich bin irgendwo im Internet auf folgenden Kommentar eines unbekannten Autors gesto\u00dfen. Ich wei\u00df nicht, wer ihn verfasst hat, und ich konnte es auch nicht herausfinden. Ich stelle ihn hier so ein, wie ich ihn gefunden habe \u2014 weil er etwas sagt, das ich selbst nicht&#8230;<\/p>","protected":false},"author":1,"featured_media":0,"parent":0,"menu_order":0,"comment_status":"closed","ping_status":"closed","template":"","meta":{"_kadence_starter_templates_imported_post":false,"_kad_post_transparent":"","_kad_post_title":"","_kad_post_layout":"","_kad_post_sidebar_id":"","_kad_post_content_style":"","_kad_post_vertical_padding":"","_kad_post_feature":"","_kad_post_feature_position":"","_kad_post_header":false,"_kad_post_footer":false,"_kad_post_classname":"","footnotes":""},"class_list":["post-19","page","type-page","status-publish","hentry"],"_links":{"self":[{"href":"https:\/\/hongikingan.de\/en\/wp-json\/wp\/v2\/pages\/19","targetHints":{"allow":["GET"]}}],"collection":[{"href":"https:\/\/hongikingan.de\/en\/wp-json\/wp\/v2\/pages"}],"about":[{"href":"https:\/\/hongikingan.de\/en\/wp-json\/wp\/v2\/types\/page"}],"author":[{"embeddable":true,"href":"https:\/\/hongikingan.de\/en\/wp-json\/wp\/v2\/users\/1"}],"replies":[{"embeddable":true,"href":"https:\/\/hongikingan.de\/en\/wp-json\/wp\/v2\/comments?post=19"}],"version-history":[{"count":8,"href":"https:\/\/hongikingan.de\/en\/wp-json\/wp\/v2\/pages\/19\/revisions"}],"predecessor-version":[{"id":207,"href":"https:\/\/hongikingan.de\/en\/wp-json\/wp\/v2\/pages\/19\/revisions\/207"}],"wp:attachment":[{"href":"https:\/\/hongikingan.de\/en\/wp-json\/wp\/v2\/media?parent=19"}],"curies":[{"name":"wp","href":"https:\/\/api.w.org\/{rel}","templated":true}]}}